{"id":3225,"date":"2024-03-26T12:40:50","date_gmt":"2024-03-26T11:40:50","guid":{"rendered":"https:\/\/devretiro.triplehosting.nl\/?page_id=3225"},"modified":"2025-07-28T09:40:31","modified_gmt":"2025-07-28T07:40:31","slug":"restaurants-und-bars","status":"publish","type":"page","link":"http:\/\/devretiro.triplehosting.nl\/de\/restaurants-und-bars\/","title":{"rendered":"Restaurants und bars"},"content":{"rendered":"","protected":false},"excerpt":{"rendered":"","protected":false},"author":4,"featured_media":0,"parent":0,"menu_order":0,"comment_status":"closed","ping_status":"closed","template":"","meta":{"_acf_changed":false,"inline_featured_image":false,"footnotes":""},"class_list":["post-3225","page","type-page","status-publish","hentry"],"acf":[],"yoast_head":"<!-- This site is optimized with the Yoast SEO plugin v27.2 - https:\/\/yoast.com\/product\/yoast-seo-wordpress\/ -->\n<title>Entdecke Restaurants und Bars in Costa Blanca | Retiro Sol<\/title>\n<meta name=\"description\" content=\"Entdecke die besten Restaurants und Bars in Costa Blanca. Genie\u00dfe lokale K\u00f6stlichkeiten und eine gem\u00fctliche Atmosph\u00e4re nahe Retiro Sol.\" \/>\n<meta name=\"robots\" content=\"noindex, follow, max-snippet:-1, max-image-preview:large, max-video-preview:-1\" \/>\n<meta property=\"og:locale\" content=\"de_DE\" \/>\n<meta property=\"og:type\" content=\"article\" \/>\n<meta property=\"og:title\" content=\"Entdecke Restaurants und Bars in Costa Blanca | Retiro Sol\" \/>\n<meta property=\"og:description\" content=\"Entdecke die besten Restaurants und Bars in Costa Blanca. Genie\u00dfe lokale K\u00f6stlichkeiten und eine gem\u00fctliche Atmosph\u00e4re nahe Retiro Sol.\" \/>\n<meta property=\"og:url\" content=\"http:\/\/devretiro.triplehosting.nl\/de\/restaurants-und-bars\/\" \/>\n<meta property=\"og:site_name\" content=\"Retiro Sol\" \/>\n<meta property=\"article:modified_time\" content=\"2025-07-28T07:40:31+00:00\" \/>\n<meta name=\"twitter:card\" content=\"summary_large_image\" \/>\n<meta name=\"twitter:label1\" content=\"Gesch\u00e4tzte Lesezeit\" \/>\n\t<meta name=\"twitter:data1\" content=\"2\u00a0Minuten\" \/>\n<script type=\"application\/ld+json\" class=\"yoast-schema-graph\">{\"@context\":\"https:\/\/schema.org\",\"@graph\":[{\"@type\":\"WebPage\",\"@id\":\"http:\/\/devretiro.triplehosting.nl\/de\/restaurants-und-bars\/\",\"url\":\"http:\/\/devretiro.triplehosting.nl\/de\/restaurants-und-bars\/\",\"name\":\"Entdecke Restaurants und Bars in Costa Blanca | Retiro Sol\",\"isPartOf\":{\"@id\":\"https:\/\/devretiro.triplehosting.nl\/de\/#website\"},\"datePublished\":\"2024-03-26T11:40:50+00:00\",\"dateModified\":\"2025-07-28T07:40:31+00:00\",\"description\":\"Entdecke die besten Restaurants und Bars in Costa Blanca. Genie\u00dfe lokale K\u00f6stlichkeiten und eine gem\u00fctliche Atmosph\u00e4re nahe Retiro Sol.\",\"breadcrumb\":{\"@id\":\"http:\/\/devretiro.triplehosting.nl\/de\/restaurants-und-bars\/#breadcrumb\"},\"inLanguage\":\"de\",\"potentialAction\":[{\"@type\":\"ReadAction\",\"target\":[\"http:\/\/devretiro.triplehosting.nl\/de\/restaurants-und-bars\/\"]}]},{\"@type\":\"BreadcrumbList\",\"@id\":\"http:\/\/devretiro.triplehosting.nl\/de\/restaurants-und-bars\/#breadcrumb\",\"itemListElement\":[{\"@type\":\"ListItem\",\"position\":1,\"name\":\"Home\",\"item\":\"https:\/\/devretiro.triplehosting.nl\/de\/\"},{\"@type\":\"ListItem\",\"position\":2,\"name\":\"Restaurants und bars\"}]},{\"@type\":\"WebSite\",\"@id\":\"https:\/\/devretiro.triplehosting.nl\/de\/#website\",\"url\":\"https:\/\/devretiro.triplehosting.nl\/de\/\",\"name\":\"Retiro Sol\",\"description\":\"Everything you need for a relaxing holiday\",\"potentialAction\":[{\"@type\":\"SearchAction\",\"target\":{\"@type\":\"EntryPoint\",\"urlTemplate\":\"https:\/\/devretiro.triplehosting.nl\/de\/?s={search_term_string}\"},\"query-input\":{\"@type\":\"PropertyValueSpecification\",\"valueRequired\":true,\"valueName\":\"search_term_string\"}}],\"inLanguage\":\"de\"}]}<\/script>\n<!-- \/ Yoast SEO plugin. -->","yoast_head_json":{"title":"Entdecke Restaurants und Bars in Costa Blanca | Retiro Sol","description":"Entdecke die besten Restaurants und Bars in Costa Blanca. Genie\u00dfe lokale K\u00f6stlichkeiten und eine gem\u00fctliche Atmosph\u00e4re nahe Retiro Sol.","robots":{"index":"noindex","follow":"follow","max-snippet":"max-snippet:-1","max-image-preview":"max-image-preview:large","max-video-preview":"max-video-preview:-1"},"og_locale":"de_DE","og_type":"article","og_title":"Entdecke Restaurants und Bars in Costa Blanca | Retiro Sol","og_description":"Entdecke die besten Restaurants und Bars in Costa Blanca. Genie\u00dfe lokale K\u00f6stlichkeiten und eine gem\u00fctliche Atmosph\u00e4re nahe Retiro Sol.","og_url":"http:\/\/devretiro.triplehosting.nl\/de\/restaurants-und-bars\/","og_site_name":"Retiro Sol","article_modified_time":"2025-07-28T07:40:31+00:00","twitter_card":"summary_large_image","twitter_misc":{"Gesch\u00e4tzte Lesezeit":"2\u00a0Minuten"},"schema":{"@context":"https:\/\/schema.org","@graph":[{"@type":"WebPage","@id":"http:\/\/devretiro.triplehosting.nl\/de\/restaurants-und-bars\/","url":"http:\/\/devretiro.triplehosting.nl\/de\/restaurants-und-bars\/","name":"Entdecke Restaurants und Bars in Costa Blanca | Retiro Sol","isPartOf":{"@id":"https:\/\/devretiro.triplehosting.nl\/de\/#website"},"datePublished":"2024-03-26T11:40:50+00:00","dateModified":"2025-07-28T07:40:31+00:00","description":"Entdecke die besten Restaurants und Bars in Costa Blanca. Genie\u00dfe lokale K\u00f6stlichkeiten und eine gem\u00fctliche Atmosph\u00e4re nahe Retiro Sol.","breadcrumb":{"@id":"http:\/\/devretiro.triplehosting.nl\/de\/restaurants-und-bars\/#breadcrumb"},"inLanguage":"de","potentialAction":[{"@type":"ReadAction","target":["http:\/\/devretiro.triplehosting.nl\/de\/restaurants-und-bars\/"]}]},{"@type":"BreadcrumbList","@id":"http:\/\/devretiro.triplehosting.nl\/de\/restaurants-und-bars\/#breadcrumb","itemListElement":[{"@type":"ListItem","position":1,"name":"Home","item":"https:\/\/devretiro.triplehosting.nl\/de\/"},{"@type":"ListItem","position":2,"name":"Restaurants und bars"}]},{"@type":"WebSite","@id":"https:\/\/devretiro.triplehosting.nl\/de\/#website","url":"https:\/\/devretiro.triplehosting.nl\/de\/","name":"Retiro Sol","description":"Everything you need for a relaxing holiday","potentialAction":[{"@type":"SearchAction","target":{"@type":"EntryPoint","urlTemplate":"https:\/\/devretiro.triplehosting.nl\/de\/?s={search_term_string}"},"query-input":{"@type":"PropertyValueSpecification","valueRequired":true,"valueName":"search_term_string"}}],"inLanguage":"de"}]}},"_links":{"self":[{"href":"http:\/\/devretiro.triplehosting.nl\/de\/wp-json\/wp\/v2\/pages\/3225","targetHints":{"allow":["GET"]}}],"collection":[{"href":"http:\/\/devretiro.triplehosting.nl\/de\/wp-json\/wp\/v2\/pages"}],"about":[{"href":"http:\/\/devretiro.triplehosting.nl\/de\/wp-json\/wp\/v2\/types\/page"}],"author":[{"embeddable":true,"href":"http:\/\/devretiro.triplehosting.nl\/de\/wp-json\/wp\/v2\/users\/4"}],"replies":[{"embeddable":true,"href":"http:\/\/devretiro.triplehosting.nl\/de\/wp-json\/wp\/v2\/comments?post=3225"}],"version-history":[{"count":2,"href":"http:\/\/devretiro.triplehosting.nl\/de\/wp-json\/wp\/v2\/pages\/3225\/revisions"}],"predecessor-version":[{"id":3229,"href":"http:\/\/devretiro.triplehosting.nl\/de\/wp-json\/wp\/v2\/pages\/3225\/revisions\/3229"}],"wp:attachment":[{"href":"http:\/\/devretiro.triplehosting.nl\/de\/wp-json\/wp\/v2\/media?parent=3225"}],"curies":[{"name":"wp","href":"https:\/\/api.w.org\/{rel}","templated":true}]}}