{"id":9226,"date":"2026-02-03T19:32:28","date_gmt":"2026-02-03T18:32:28","guid":{"rendered":"https:\/\/devretiro.triplehosting.nl\/?page_id=9226"},"modified":"2026-03-25T17:31:50","modified_gmt":"2026-03-25T16:31:50","slug":"costa-blanca-nord","status":"publish","type":"page","link":"http:\/\/devretiro.triplehosting.nl\/de\/costa-blanca-nord\/","title":{"rendered":"Costa Blanca Nord: Ferienvermietung und \u00dcberwintern in Spanien"},"content":{"rendered":"","protected":false},"excerpt":{"rendered":"","protected":false},"author":2,"featured_media":0,"parent":0,"menu_order":0,"comment_status":"closed","ping_status":"closed","template":"","meta":{"_acf_changed":false,"inline_featured_image":false,"footnotes":""},"class_list":["post-9226","page","type-page","status-publish","hentry"],"acf":[],"yoast_head":"<!-- This site is optimized with the Yoast SEO plugin v27.2 - https:\/\/yoast.com\/product\/yoast-seo-wordpress\/ -->\n<title>Costa Blanca Nord | Ferienwohnungen &amp; \u00dcberwintern in Spanien<\/title>\n<meta name=\"description\" content=\"Ferienwohnung Costa Blanca Nord. Unterk\u00fcnfte f\u00fcr Urlaub, l\u00e4ngere Aufenthalte und zum \u00dcberwintern in D\u00e9nia und J\u00e1vea.\" \/>\n<meta name=\"robots\" content=\"noindex, follow, max-snippet:-1, max-image-preview:large, max-video-preview:-1\" \/>\n<meta property=\"og:locale\" content=\"de_DE\" \/>\n<meta property=\"og:type\" content=\"article\" \/>\n<meta property=\"og:title\" content=\"Costa Blanca Nord | Ferienwohnungen &amp; \u00dcberwintern in Spanien\" \/>\n<meta property=\"og:description\" content=\"Ferienwohnung Costa Blanca Nord. Unterk\u00fcnfte f\u00fcr Urlaub, l\u00e4ngere Aufenthalte und zum \u00dcberwintern in D\u00e9nia und J\u00e1vea.\" \/>\n<meta property=\"og:url\" content=\"http:\/\/devretiro.triplehosting.nl\/de\/costa-blanca-nord\/\" \/>\n<meta property=\"og:site_name\" content=\"Retiro Sol\" \/>\n<meta property=\"article:modified_time\" content=\"2026-03-25T16:31:50+00:00\" \/>\n<meta name=\"twitter:card\" content=\"summary_large_image\" \/>\n<meta name=\"twitter:label1\" content=\"Gesch\u00e4tzte Lesezeit\" \/>\n\t<meta name=\"twitter:data1\" content=\"6\u00a0Minuten\" \/>\n<script type=\"application\/ld+json\" class=\"yoast-schema-graph\">{\"@context\":\"https:\/\/schema.org\",\"@graph\":[{\"@type\":\"WebPage\",\"@id\":\"http:\/\/devretiro.triplehosting.nl\/de\/costa-blanca-nord\/\",\"url\":\"http:\/\/devretiro.triplehosting.nl\/de\/costa-blanca-nord\/\",\"name\":\"Costa Blanca Nord | Ferienwohnungen & \u00dcberwintern in Spanien\",\"isPartOf\":{\"@id\":\"https:\/\/devretiro.triplehosting.nl\/de\/#website\"},\"datePublished\":\"2026-02-03T18:32:28+00:00\",\"dateModified\":\"2026-03-25T16:31:50+00:00\",\"description\":\"Ferienwohnung Costa Blanca Nord. Unterk\u00fcnfte f\u00fcr Urlaub, l\u00e4ngere Aufenthalte und zum \u00dcberwintern in D\u00e9nia und J\u00e1vea.\",\"breadcrumb\":{\"@id\":\"http:\/\/devretiro.triplehosting.nl\/de\/costa-blanca-nord\/#breadcrumb\"},\"inLanguage\":\"de\",\"potentialAction\":[{\"@type\":\"ReadAction\",\"target\":[\"http:\/\/devretiro.triplehosting.nl\/de\/costa-blanca-nord\/\"]}]},{\"@type\":\"BreadcrumbList\",\"@id\":\"http:\/\/devretiro.triplehosting.nl\/de\/costa-blanca-nord\/#breadcrumb\",\"itemListElement\":[{\"@type\":\"ListItem\",\"position\":1,\"name\":\"Home\",\"item\":\"https:\/\/devretiro.triplehosting.nl\/de\/\"},{\"@type\":\"ListItem\",\"position\":2,\"name\":\"Costa Blanca Nord: Ferienvermietung und \u00dcberwintern in Spanien\"}]},{\"@type\":\"WebSite\",\"@id\":\"https:\/\/devretiro.triplehosting.nl\/de\/#website\",\"url\":\"https:\/\/devretiro.triplehosting.nl\/de\/\",\"name\":\"Retiro Sol\",\"description\":\"Everything you need for a relaxing holiday\",\"potentialAction\":[{\"@type\":\"SearchAction\",\"target\":{\"@type\":\"EntryPoint\",\"urlTemplate\":\"https:\/\/devretiro.triplehosting.nl\/de\/?s={search_term_string}\"},\"query-input\":{\"@type\":\"PropertyValueSpecification\",\"valueRequired\":true,\"valueName\":\"search_term_string\"}}],\"inLanguage\":\"de\"}]}<\/script>\n<!-- \/ Yoast SEO plugin. -->","yoast_head_json":{"title":"Costa Blanca Nord | Ferienwohnungen & \u00dcberwintern in Spanien","description":"Ferienwohnung Costa Blanca Nord. Unterk\u00fcnfte f\u00fcr Urlaub, l\u00e4ngere Aufenthalte und zum \u00dcberwintern in D\u00e9nia und J\u00e1vea.","robots":{"index":"noindex","follow":"follow","max-snippet":"max-snippet:-1","max-image-preview":"max-image-preview:large","max-video-preview":"max-video-preview:-1"},"og_locale":"de_DE","og_type":"article","og_title":"Costa Blanca Nord | Ferienwohnungen & \u00dcberwintern in Spanien","og_description":"Ferienwohnung Costa Blanca Nord. Unterk\u00fcnfte f\u00fcr Urlaub, l\u00e4ngere Aufenthalte und zum \u00dcberwintern in D\u00e9nia und J\u00e1vea.","og_url":"http:\/\/devretiro.triplehosting.nl\/de\/costa-blanca-nord\/","og_site_name":"Retiro Sol","article_modified_time":"2026-03-25T16:31:50+00:00","twitter_card":"summary_large_image","twitter_misc":{"Gesch\u00e4tzte Lesezeit":"6\u00a0Minuten"},"schema":{"@context":"https:\/\/schema.org","@graph":[{"@type":"WebPage","@id":"http:\/\/devretiro.triplehosting.nl\/de\/costa-blanca-nord\/","url":"http:\/\/devretiro.triplehosting.nl\/de\/costa-blanca-nord\/","name":"Costa Blanca Nord | Ferienwohnungen & \u00dcberwintern in Spanien","isPartOf":{"@id":"https:\/\/devretiro.triplehosting.nl\/de\/#website"},"datePublished":"2026-02-03T18:32:28+00:00","dateModified":"2026-03-25T16:31:50+00:00","description":"Ferienwohnung Costa Blanca Nord. Unterk\u00fcnfte f\u00fcr Urlaub, l\u00e4ngere Aufenthalte und zum \u00dcberwintern in D\u00e9nia und J\u00e1vea.","breadcrumb":{"@id":"http:\/\/devretiro.triplehosting.nl\/de\/costa-blanca-nord\/#breadcrumb"},"inLanguage":"de","potentialAction":[{"@type":"ReadAction","target":["http:\/\/devretiro.triplehosting.nl\/de\/costa-blanca-nord\/"]}]},{"@type":"BreadcrumbList","@id":"http:\/\/devretiro.triplehosting.nl\/de\/costa-blanca-nord\/#breadcrumb","itemListElement":[{"@type":"ListItem","position":1,"name":"Home","item":"https:\/\/devretiro.triplehosting.nl\/de\/"},{"@type":"ListItem","position":2,"name":"Costa Blanca Nord: Ferienvermietung und \u00dcberwintern in Spanien"}]},{"@type":"WebSite","@id":"https:\/\/devretiro.triplehosting.nl\/de\/#website","url":"https:\/\/devretiro.triplehosting.nl\/de\/","name":"Retiro Sol","description":"Everything you need for a relaxing holiday","potentialAction":[{"@type":"SearchAction","target":{"@type":"EntryPoint","urlTemplate":"https:\/\/devretiro.triplehosting.nl\/de\/?s={search_term_string}"},"query-input":{"@type":"PropertyValueSpecification","valueRequired":true,"valueName":"search_term_string"}}],"inLanguage":"de"}]}},"_links":{"self":[{"href":"http:\/\/devretiro.triplehosting.nl\/de\/wp-json\/wp\/v2\/pages\/9226","targetHints":{"allow":["GET"]}}],"collection":[{"href":"http:\/\/devretiro.triplehosting.nl\/de\/wp-json\/wp\/v2\/pages"}],"about":[{"href":"http:\/\/devretiro.triplehosting.nl\/de\/wp-json\/wp\/v2\/types\/page"}],"author":[{"embeddable":true,"href":"http:\/\/devretiro.triplehosting.nl\/de\/wp-json\/wp\/v2\/users\/2"}],"replies":[{"embeddable":true,"href":"http:\/\/devretiro.triplehosting.nl\/de\/wp-json\/wp\/v2\/comments?post=9226"}],"version-history":[{"count":5,"href":"http:\/\/devretiro.triplehosting.nl\/de\/wp-json\/wp\/v2\/pages\/9226\/revisions"}],"predecessor-version":[{"id":9925,"href":"http:\/\/devretiro.triplehosting.nl\/de\/wp-json\/wp\/v2\/pages\/9226\/revisions\/9925"}],"wp:attachment":[{"href":"http:\/\/devretiro.triplehosting.nl\/de\/wp-json\/wp\/v2\/media?parent=9226"}],"curies":[{"name":"wp","href":"https:\/\/api.w.org\/{rel}","templated":true}]}}