{"id":1073,"date":"2022-02-14T15:01:13","date_gmt":"2022-02-14T14:01:13","guid":{"rendered":"https:\/\/retirosol.triplehosting.nl\/sample-page\/"},"modified":"2026-04-07T13:36:23","modified_gmt":"2026-04-07T11:36:23","slug":"alquiler-costa-blanca","status":"publish","type":"page","link":"http:\/\/devretiro.triplehosting.nl\/es\/","title":{"rendered":"Estancias en la Costa Blanca Norte"},"content":{"rendered":"","protected":false},"excerpt":{"rendered":"","protected":false},"author":1,"featured_media":0,"parent":0,"menu_order":0,"comment_status":"closed","ping_status":"open","template":"templates\/homepage-template.php","meta":{"_acf_changed":false,"inline_featured_image":false,"footnotes":""},"class_list":["post-1073","page","type-page","status-publish","hentry"],"acf":[],"yoast_head":"<!-- This site is optimized with the Yoast SEO plugin v27.2 - https:\/\/yoast.com\/product\/yoast-seo-wordpress\/ -->\n<title>Alquiler vacacional Costa Blanca Norte | Estancias desde 11 d\u00edas<\/title>\n<meta name=\"description\" content=\"Alquiler vacacional en la Costa Blanca Norte. Descubre casas y apartamentos en D\u00e9nia y J\u00e1vea para estancias cortas y estancias desde 11 d\u00edas.\" \/>\n<meta name=\"robots\" content=\"noindex, follow, max-snippet:-1, max-image-preview:large, max-video-preview:-1\" \/>\n<meta property=\"og:locale\" content=\"es_ES\" \/>\n<meta property=\"og:type\" content=\"article\" \/>\n<meta property=\"og:title\" content=\"Alquiler vacacional Costa Blanca Norte | Estancias desde 11 d\u00edas\" \/>\n<meta property=\"og:description\" content=\"Alquiler vacacional en la Costa Blanca Norte. Descubre casas y apartamentos en D\u00e9nia y J\u00e1vea para estancias cortas y estancias desde 11 d\u00edas.\" \/>\n<meta property=\"og:url\" content=\"http:\/\/devretiro.triplehosting.nl\/es\/\" \/>\n<meta property=\"og:site_name\" content=\"Retiro Sol\" \/>\n<meta property=\"article:modified_time\" content=\"2026-04-07T11:36:23+00:00\" \/>\n<meta name=\"twitter:card\" content=\"summary_large_image\" \/>\n<meta name=\"twitter:label1\" content=\"Tiempo de lectura\" \/>\n\t<meta name=\"twitter:data1\" content=\"5 minutos\" \/>\n<script type=\"application\/ld+json\" class=\"yoast-schema-graph\">{\"@context\":\"https:\/\/schema.org\",\"@graph\":[{\"@type\":\"WebPage\",\"@id\":\"http:\/\/devretiro.triplehosting.nl\/es\/\",\"url\":\"http:\/\/devretiro.triplehosting.nl\/es\/\",\"name\":\"Alquiler vacacional Costa Blanca Norte | Estancias desde 11 d\u00edas\",\"isPartOf\":{\"@id\":\"https:\/\/devretiro.triplehosting.nl\/es\/#website\"},\"datePublished\":\"2022-02-14T14:01:13+00:00\",\"dateModified\":\"2026-04-07T11:36:23+00:00\",\"description\":\"Alquiler vacacional en la Costa Blanca Norte. Descubre casas y apartamentos en D\u00e9nia y J\u00e1vea para estancias cortas y estancias desde 11 d\u00edas.\",\"breadcrumb\":{\"@id\":\"http:\/\/devretiro.triplehosting.nl\/es\/#breadcrumb\"},\"inLanguage\":\"es\",\"potentialAction\":[{\"@type\":\"ReadAction\",\"target\":[\"http:\/\/devretiro.triplehosting.nl\/es\/\"]}]},{\"@type\":\"BreadcrumbList\",\"@id\":\"http:\/\/devretiro.triplehosting.nl\/es\/#breadcrumb\",\"itemListElement\":[{\"@type\":\"ListItem\",\"position\":1,\"name\":\"Home\",\"item\":\"https:\/\/devretiro.triplehosting.nl\/es\/\"},{\"@type\":\"ListItem\",\"position\":2,\"name\":\"Estancias en la Costa Blanca Norte\"}]},{\"@type\":\"WebSite\",\"@id\":\"https:\/\/devretiro.triplehosting.nl\/es\/#website\",\"url\":\"https:\/\/devretiro.triplehosting.nl\/es\/\",\"name\":\"Retiro Sol\",\"description\":\"Everything you need for a relaxing holiday\",\"potentialAction\":[{\"@type\":\"SearchAction\",\"target\":{\"@type\":\"EntryPoint\",\"urlTemplate\":\"https:\/\/devretiro.triplehosting.nl\/es\/?s={search_term_string}\"},\"query-input\":{\"@type\":\"PropertyValueSpecification\",\"valueRequired\":true,\"valueName\":\"search_term_string\"}}],\"inLanguage\":\"es\"}]}<\/script>\n<!-- \/ Yoast SEO plugin. -->","yoast_head_json":{"title":"Alquiler vacacional Costa Blanca Norte | Estancias desde 11 d\u00edas","description":"Alquiler vacacional en la Costa Blanca Norte. Descubre casas y apartamentos en D\u00e9nia y J\u00e1vea para estancias cortas y estancias desde 11 d\u00edas.","robots":{"index":"noindex","follow":"follow","max-snippet":"max-snippet:-1","max-image-preview":"max-image-preview:large","max-video-preview":"max-video-preview:-1"},"og_locale":"es_ES","og_type":"article","og_title":"Alquiler vacacional Costa Blanca Norte | Estancias desde 11 d\u00edas","og_description":"Alquiler vacacional en la Costa Blanca Norte. Descubre casas y apartamentos en D\u00e9nia y J\u00e1vea para estancias cortas y estancias desde 11 d\u00edas.","og_url":"http:\/\/devretiro.triplehosting.nl\/es\/","og_site_name":"Retiro Sol","article_modified_time":"2026-04-07T11:36:23+00:00","twitter_card":"summary_large_image","twitter_misc":{"Tiempo de lectura":"5 minutos"},"schema":{"@context":"https:\/\/schema.org","@graph":[{"@type":"WebPage","@id":"http:\/\/devretiro.triplehosting.nl\/es\/","url":"http:\/\/devretiro.triplehosting.nl\/es\/","name":"Alquiler vacacional Costa Blanca Norte | Estancias desde 11 d\u00edas","isPartOf":{"@id":"https:\/\/devretiro.triplehosting.nl\/es\/#website"},"datePublished":"2022-02-14T14:01:13+00:00","dateModified":"2026-04-07T11:36:23+00:00","description":"Alquiler vacacional en la Costa Blanca Norte. Descubre casas y apartamentos en D\u00e9nia y J\u00e1vea para estancias cortas y estancias desde 11 d\u00edas.","breadcrumb":{"@id":"http:\/\/devretiro.triplehosting.nl\/es\/#breadcrumb"},"inLanguage":"es","potentialAction":[{"@type":"ReadAction","target":["http:\/\/devretiro.triplehosting.nl\/es\/"]}]},{"@type":"BreadcrumbList","@id":"http:\/\/devretiro.triplehosting.nl\/es\/#breadcrumb","itemListElement":[{"@type":"ListItem","position":1,"name":"Home","item":"https:\/\/devretiro.triplehosting.nl\/es\/"},{"@type":"ListItem","position":2,"name":"Estancias en la Costa Blanca Norte"}]},{"@type":"WebSite","@id":"https:\/\/devretiro.triplehosting.nl\/es\/#website","url":"https:\/\/devretiro.triplehosting.nl\/es\/","name":"Retiro Sol","description":"Everything you need for a relaxing holiday","potentialAction":[{"@type":"SearchAction","target":{"@type":"EntryPoint","urlTemplate":"https:\/\/devretiro.triplehosting.nl\/es\/?s={search_term_string}"},"query-input":{"@type":"PropertyValueSpecification","valueRequired":true,"valueName":"search_term_string"}}],"inLanguage":"es"}]}},"_links":{"self":[{"href":"http:\/\/devretiro.triplehosting.nl\/es\/wp-json\/wp\/v2\/pages\/1073","targetHints":{"allow":["GET"]}}],"collection":[{"href":"http:\/\/devretiro.triplehosting.nl\/es\/wp-json\/wp\/v2\/pages"}],"about":[{"href":"http:\/\/devretiro.triplehosting.nl\/es\/wp-json\/wp\/v2\/types\/page"}],"author":[{"embeddable":true,"href":"http:\/\/devretiro.triplehosting.nl\/es\/wp-json\/wp\/v2\/users\/1"}],"replies":[{"embeddable":true,"href":"http:\/\/devretiro.triplehosting.nl\/es\/wp-json\/wp\/v2\/comments?post=1073"}],"version-history":[{"count":29,"href":"http:\/\/devretiro.triplehosting.nl\/es\/wp-json\/wp\/v2\/pages\/1073\/revisions"}],"predecessor-version":[{"id":10087,"href":"http:\/\/devretiro.triplehosting.nl\/es\/wp-json\/wp\/v2\/pages\/1073\/revisions\/10087"}],"wp:attachment":[{"href":"http:\/\/devretiro.triplehosting.nl\/es\/wp-json\/wp\/v2\/media?parent=1073"}],"curies":[{"name":"wp","href":"https:\/\/api.w.org\/{rel}","templated":true}]}}