{"id":1057,"date":"2023-12-07T15:20:13","date_gmt":"2023-12-07T14:20:13","guid":{"rendered":"https:\/\/retirosol.triplehosting.nl\/appartementen-overzicht\/"},"modified":"2026-03-25T09:40:15","modified_gmt":"2026-03-25T08:40:15","slug":"ferienhaus-costa-blanca-nord","status":"publish","type":"page","link":"https:\/\/devretiro.triplehosting.nl\/de\/ferienhaus-costa-blanca-nord\/","title":{"rendered":"Ferienh\u00e4user an der Costa Blanca Nord"},"content":{"rendered":"<p data-start=\"134\" data-end=\"453\">Suchen Sie ein Ferienhaus an der <strong><a href=\"https:\/\/devretiro.triplehosting.nl\/de\/costa-blanca-nord\/\">Costa Blanca Nord<\/a><\/strong>? Bei Retiro Sol finden Sie eine Auswahl an Ferienh\u00e4usern und Ferienwohnungen f\u00fcr Aufenthalte bis zu 10 Tagen. Unsere Unterk\u00fcnfte befinden sich in beliebten Orten wie D\u00e9nia und J\u00e1vea \u2013 ideal f\u00fcr einen Aufenthalt in Spanien.<\/p>\n","protected":false},"excerpt":{"rendered":"<p>Suchen Sie ein Ferienhaus an der Costa Blanca Nord? Bei Retiro Sol finden Sie eine Auswahl an Ferienh\u00e4usern und Ferienwohnungen f\u00fcr Aufenthalte bis zu 10 Tagen. Unsere Unterk\u00fcnfte befinden sich in beliebten Orten wie D\u00e9nia&hellip;<\/p>\n","protected":false},"author":1,"featured_media":0,"parent":0,"menu_order":0,"comment_status":"closed","ping_status":"closed","template":"templates\/apartments-overview.php","meta":{"_acf_changed":false,"inline_featured_image":false,"footnotes":""},"class_list":["post-1057","page","type-page","status-publish","hentry"],"acf":[],"yoast_head":"<!-- This site is optimized with the Yoast SEO plugin v27.2 - https:\/\/yoast.com\/product\/yoast-seo-wordpress\/ -->\n<title>Ferienhaus Costa Blanca Nord mieten? | Retiro Sol<\/title>\n<meta name=\"description\" content=\"Ferienhaus Costa Blanca Nord mieten? Entdecken Sie H\u00e4user und Apartments in D\u00e9nia und J\u00e1vea \u2013 ideal f\u00fcr Aufenthalte bis 10 Tage.\" \/>\n<meta name=\"robots\" content=\"noindex, follow, max-snippet:-1, max-image-preview:large, max-video-preview:-1\" \/>\n<meta property=\"og:locale\" content=\"de_DE\" \/>\n<meta property=\"og:type\" content=\"article\" \/>\n<meta property=\"og:title\" content=\"Ferienhaus Costa Blanca Nord mieten? | Retiro Sol\" \/>\n<meta property=\"og:description\" content=\"Ferienhaus Costa Blanca Nord mieten? Entdecken Sie H\u00e4user und Apartments in D\u00e9nia und J\u00e1vea \u2013 ideal f\u00fcr Aufenthalte bis 10 Tage.\" \/>\n<meta property=\"og:url\" content=\"https:\/\/devretiro.triplehosting.nl\/de\/ferienhaus-costa-blanca-nord\/\" \/>\n<meta property=\"og:site_name\" content=\"Retiro Sol\" \/>\n<meta property=\"article:modified_time\" content=\"2026-03-25T08:40:15+00:00\" \/>\n<meta name=\"twitter:card\" content=\"summary_large_image\" \/>\n<meta name=\"twitter:label1\" content=\"Gesch\u00e4tzte Lesezeit\" \/>\n\t<meta name=\"twitter:data1\" content=\"1\u00a0Minute\" \/>\n<script type=\"application\/ld+json\" class=\"yoast-schema-graph\">{\"@context\":\"https:\/\/schema.org\",\"@graph\":[{\"@type\":\"WebPage\",\"@id\":\"https:\/\/devretiro.triplehosting.nl\/de\/ferienhaus-costa-blanca-nord\/\",\"url\":\"https:\/\/devretiro.triplehosting.nl\/de\/ferienhaus-costa-blanca-nord\/\",\"name\":\"Ferienhaus Costa Blanca Nord mieten? | Retiro Sol\",\"isPartOf\":{\"@id\":\"https:\/\/devretiro.triplehosting.nl\/de\/#website\"},\"datePublished\":\"2023-12-07T14:20:13+00:00\",\"dateModified\":\"2026-03-25T08:40:15+00:00\",\"description\":\"Ferienhaus Costa Blanca Nord mieten? Entdecken Sie H\u00e4user und Apartments in D\u00e9nia und J\u00e1vea \u2013 ideal f\u00fcr Aufenthalte bis 10 Tage.\",\"breadcrumb\":{\"@id\":\"https:\/\/devretiro.triplehosting.nl\/de\/ferienhaus-costa-blanca-nord\/#breadcrumb\"},\"inLanguage\":\"de\",\"potentialAction\":[{\"@type\":\"ReadAction\",\"target\":[\"https:\/\/devretiro.triplehosting.nl\/de\/ferienhaus-costa-blanca-nord\/\"]}]},{\"@type\":\"BreadcrumbList\",\"@id\":\"https:\/\/devretiro.triplehosting.nl\/de\/ferienhaus-costa-blanca-nord\/#breadcrumb\",\"itemListElement\":[{\"@type\":\"ListItem\",\"position\":1,\"name\":\"Home\",\"item\":\"https:\/\/devretiro.triplehosting.nl\/de\/\"},{\"@type\":\"ListItem\",\"position\":2,\"name\":\"Ferienh\u00e4user an der Costa Blanca Nord\"}]},{\"@type\":\"WebSite\",\"@id\":\"https:\/\/devretiro.triplehosting.nl\/de\/#website\",\"url\":\"https:\/\/devretiro.triplehosting.nl\/de\/\",\"name\":\"Retiro Sol\",\"description\":\"Everything you need for a relaxing holiday\",\"potentialAction\":[{\"@type\":\"SearchAction\",\"target\":{\"@type\":\"EntryPoint\",\"urlTemplate\":\"https:\/\/devretiro.triplehosting.nl\/de\/?s={search_term_string}\"},\"query-input\":{\"@type\":\"PropertyValueSpecification\",\"valueRequired\":true,\"valueName\":\"search_term_string\"}}],\"inLanguage\":\"de\"}]}<\/script>\n<!-- \/ Yoast SEO plugin. -->","yoast_head_json":{"title":"Ferienhaus Costa Blanca Nord mieten? | Retiro Sol","description":"Ferienhaus Costa Blanca Nord mieten? Entdecken Sie H\u00e4user und Apartments in D\u00e9nia und J\u00e1vea \u2013 ideal f\u00fcr Aufenthalte bis 10 Tage.","robots":{"index":"noindex","follow":"follow","max-snippet":"max-snippet:-1","max-image-preview":"max-image-preview:large","max-video-preview":"max-video-preview:-1"},"og_locale":"de_DE","og_type":"article","og_title":"Ferienhaus Costa Blanca Nord mieten? | Retiro Sol","og_description":"Ferienhaus Costa Blanca Nord mieten? Entdecken Sie H\u00e4user und Apartments in D\u00e9nia und J\u00e1vea \u2013 ideal f\u00fcr Aufenthalte bis 10 Tage.","og_url":"https:\/\/devretiro.triplehosting.nl\/de\/ferienhaus-costa-blanca-nord\/","og_site_name":"Retiro Sol","article_modified_time":"2026-03-25T08:40:15+00:00","twitter_card":"summary_large_image","twitter_misc":{"Gesch\u00e4tzte Lesezeit":"1\u00a0Minute"},"schema":{"@context":"https:\/\/schema.org","@graph":[{"@type":"WebPage","@id":"https:\/\/devretiro.triplehosting.nl\/de\/ferienhaus-costa-blanca-nord\/","url":"https:\/\/devretiro.triplehosting.nl\/de\/ferienhaus-costa-blanca-nord\/","name":"Ferienhaus Costa Blanca Nord mieten? | Retiro Sol","isPartOf":{"@id":"https:\/\/devretiro.triplehosting.nl\/de\/#website"},"datePublished":"2023-12-07T14:20:13+00:00","dateModified":"2026-03-25T08:40:15+00:00","description":"Ferienhaus Costa Blanca Nord mieten? Entdecken Sie H\u00e4user und Apartments in D\u00e9nia und J\u00e1vea \u2013 ideal f\u00fcr Aufenthalte bis 10 Tage.","breadcrumb":{"@id":"https:\/\/devretiro.triplehosting.nl\/de\/ferienhaus-costa-blanca-nord\/#breadcrumb"},"inLanguage":"de","potentialAction":[{"@type":"ReadAction","target":["https:\/\/devretiro.triplehosting.nl\/de\/ferienhaus-costa-blanca-nord\/"]}]},{"@type":"BreadcrumbList","@id":"https:\/\/devretiro.triplehosting.nl\/de\/ferienhaus-costa-blanca-nord\/#breadcrumb","itemListElement":[{"@type":"ListItem","position":1,"name":"Home","item":"https:\/\/devretiro.triplehosting.nl\/de\/"},{"@type":"ListItem","position":2,"name":"Ferienh\u00e4user an der Costa Blanca Nord"}]},{"@type":"WebSite","@id":"https:\/\/devretiro.triplehosting.nl\/de\/#website","url":"https:\/\/devretiro.triplehosting.nl\/de\/","name":"Retiro Sol","description":"Everything you need for a relaxing holiday","potentialAction":[{"@type":"SearchAction","target":{"@type":"EntryPoint","urlTemplate":"https:\/\/devretiro.triplehosting.nl\/de\/?s={search_term_string}"},"query-input":{"@type":"PropertyValueSpecification","valueRequired":true,"valueName":"search_term_string"}}],"inLanguage":"de"}]}},"_links":{"self":[{"href":"https:\/\/devretiro.triplehosting.nl\/de\/wp-json\/wp\/v2\/pages\/1057","targetHints":{"allow":["GET"]}}],"collection":[{"href":"https:\/\/devretiro.triplehosting.nl\/de\/wp-json\/wp\/v2\/pages"}],"about":[{"href":"https:\/\/devretiro.triplehosting.nl\/de\/wp-json\/wp\/v2\/types\/page"}],"author":[{"embeddable":true,"href":"https:\/\/devretiro.triplehosting.nl\/de\/wp-json\/wp\/v2\/users\/1"}],"replies":[{"embeddable":true,"href":"https:\/\/devretiro.triplehosting.nl\/de\/wp-json\/wp\/v2\/comments?post=1057"}],"version-history":[{"count":12,"href":"https:\/\/devretiro.triplehosting.nl\/de\/wp-json\/wp\/v2\/pages\/1057\/revisions"}],"predecessor-version":[{"id":9860,"href":"https:\/\/devretiro.triplehosting.nl\/de\/wp-json\/wp\/v2\/pages\/1057\/revisions\/9860"}],"wp:attachment":[{"href":"https:\/\/devretiro.triplehosting.nl\/de\/wp-json\/wp\/v2\/media?parent=1057"}],"curies":[{"name":"wp","href":"https:\/\/api.w.org\/{rel}","templated":true}]}}