{"id":3107,"date":"2024-02-13T18:44:35","date_gmt":"2024-02-13T17:44:35","guid":{"rendered":"https:\/\/devretiro.triplehosting.nl\/?page_id=3107"},"modified":"2026-03-24T14:13:00","modified_gmt":"2026-03-24T13:13:00","slug":"medizinische-hilfe","status":"publish","type":"page","link":"https:\/\/devretiro.triplehosting.nl\/de\/medizinische-hilfe\/","title":{"rendered":"Medizinische Hilfe"},"content":{"rendered":"","protected":false},"excerpt":{"rendered":"","protected":false},"author":4,"featured_media":0,"parent":0,"menu_order":0,"comment_status":"closed","ping_status":"closed","template":"","meta":{"_acf_changed":false,"inline_featured_image":false,"footnotes":""},"class_list":["post-3107","page","type-page","status-publish","hentry"],"acf":[],"yoast_head":"<!-- This site is optimized with the Yoast SEO plugin v27.2 - https:\/\/yoast.com\/product\/yoast-seo-wordpress\/ -->\n<title>Medizinische Unterst\u00fctzung in D\u00e9nia | Retiro Sol<\/title>\n<meta name=\"description\" content=\"Genie\u00dfe einen sorgenfreien Aufenthalt bei Retirosol. Medizinische Hilfe ist schnell und zuverl\u00e4ssig verf\u00fcgbar, wenn du sie brauchst.\" \/>\n<meta name=\"robots\" content=\"noindex, nofollow\" \/>\n<meta property=\"og:locale\" content=\"de_DE\" \/>\n<meta property=\"og:type\" content=\"article\" \/>\n<meta property=\"og:title\" content=\"Medizinische Unterst\u00fctzung in D\u00e9nia | Retiro Sol\" \/>\n<meta property=\"og:description\" content=\"Genie\u00dfe einen sorgenfreien Aufenthalt bei Retirosol. Medizinische Hilfe ist schnell und zuverl\u00e4ssig verf\u00fcgbar, wenn du sie brauchst.\" \/>\n<meta property=\"og:url\" content=\"https:\/\/devretiro.triplehosting.nl\/de\/medizinische-hilfe\/\" \/>\n<meta property=\"og:site_name\" content=\"Retiro Sol\" \/>\n<meta property=\"article:modified_time\" content=\"2026-03-24T13:13:00+00:00\" \/>\n<meta name=\"twitter:card\" content=\"summary_large_image\" \/>\n<meta name=\"twitter:label1\" content=\"Gesch\u00e4tzte Lesezeit\" \/>\n\t<meta name=\"twitter:data1\" content=\"1\u00a0Minute\" \/>\n<script type=\"application\/ld+json\" class=\"yoast-schema-graph\">{\"@context\":\"https:\/\/schema.org\",\"@graph\":[{\"@type\":\"WebPage\",\"@id\":\"https:\/\/devretiro.triplehosting.nl\/de\/medizinische-hilfe\/\",\"url\":\"https:\/\/devretiro.triplehosting.nl\/de\/medizinische-hilfe\/\",\"name\":\"Medizinische Unterst\u00fctzung in D\u00e9nia | Retiro Sol\",\"isPartOf\":{\"@id\":\"https:\/\/devretiro.triplehosting.nl\/de\/#website\"},\"datePublished\":\"2024-02-13T17:44:35+00:00\",\"dateModified\":\"2026-03-24T13:13:00+00:00\",\"description\":\"Genie\u00dfe einen sorgenfreien Aufenthalt bei Retirosol. Medizinische Hilfe ist schnell und zuverl\u00e4ssig verf\u00fcgbar, wenn du sie brauchst.\",\"breadcrumb\":{\"@id\":\"https:\/\/devretiro.triplehosting.nl\/de\/medizinische-hilfe\/#breadcrumb\"},\"inLanguage\":\"de\",\"potentialAction\":[{\"@type\":\"ReadAction\",\"target\":[\"https:\/\/devretiro.triplehosting.nl\/de\/medizinische-hilfe\/\"]}]},{\"@type\":\"BreadcrumbList\",\"@id\":\"https:\/\/devretiro.triplehosting.nl\/de\/medizinische-hilfe\/#breadcrumb\",\"itemListElement\":[{\"@type\":\"ListItem\",\"position\":1,\"name\":\"Home\",\"item\":\"https:\/\/devretiro.triplehosting.nl\/de\/\"},{\"@type\":\"ListItem\",\"position\":2,\"name\":\"Medizinische Hilfe\"}]},{\"@type\":\"WebSite\",\"@id\":\"https:\/\/devretiro.triplehosting.nl\/de\/#website\",\"url\":\"https:\/\/devretiro.triplehosting.nl\/de\/\",\"name\":\"Retiro Sol\",\"description\":\"Everything you need for a relaxing holiday\",\"potentialAction\":[{\"@type\":\"SearchAction\",\"target\":{\"@type\":\"EntryPoint\",\"urlTemplate\":\"https:\/\/devretiro.triplehosting.nl\/de\/?s={search_term_string}\"},\"query-input\":{\"@type\":\"PropertyValueSpecification\",\"valueRequired\":true,\"valueName\":\"search_term_string\"}}],\"inLanguage\":\"de\"}]}<\/script>\n<!-- \/ Yoast SEO plugin. -->","yoast_head_json":{"title":"Medizinische Unterst\u00fctzung in D\u00e9nia | Retiro Sol","description":"Genie\u00dfe einen sorgenfreien Aufenthalt bei Retirosol. Medizinische Hilfe ist schnell und zuverl\u00e4ssig verf\u00fcgbar, wenn du sie brauchst.","robots":{"index":"noindex","follow":"nofollow"},"og_locale":"de_DE","og_type":"article","og_title":"Medizinische Unterst\u00fctzung in D\u00e9nia | Retiro Sol","og_description":"Genie\u00dfe einen sorgenfreien Aufenthalt bei Retirosol. Medizinische Hilfe ist schnell und zuverl\u00e4ssig verf\u00fcgbar, wenn du sie brauchst.","og_url":"https:\/\/devretiro.triplehosting.nl\/de\/medizinische-hilfe\/","og_site_name":"Retiro Sol","article_modified_time":"2026-03-24T13:13:00+00:00","twitter_card":"summary_large_image","twitter_misc":{"Gesch\u00e4tzte Lesezeit":"1\u00a0Minute"},"schema":{"@context":"https:\/\/schema.org","@graph":[{"@type":"WebPage","@id":"https:\/\/devretiro.triplehosting.nl\/de\/medizinische-hilfe\/","url":"https:\/\/devretiro.triplehosting.nl\/de\/medizinische-hilfe\/","name":"Medizinische Unterst\u00fctzung in D\u00e9nia | Retiro Sol","isPartOf":{"@id":"https:\/\/devretiro.triplehosting.nl\/de\/#website"},"datePublished":"2024-02-13T17:44:35+00:00","dateModified":"2026-03-24T13:13:00+00:00","description":"Genie\u00dfe einen sorgenfreien Aufenthalt bei Retirosol. Medizinische Hilfe ist schnell und zuverl\u00e4ssig verf\u00fcgbar, wenn du sie brauchst.","breadcrumb":{"@id":"https:\/\/devretiro.triplehosting.nl\/de\/medizinische-hilfe\/#breadcrumb"},"inLanguage":"de","potentialAction":[{"@type":"ReadAction","target":["https:\/\/devretiro.triplehosting.nl\/de\/medizinische-hilfe\/"]}]},{"@type":"BreadcrumbList","@id":"https:\/\/devretiro.triplehosting.nl\/de\/medizinische-hilfe\/#breadcrumb","itemListElement":[{"@type":"ListItem","position":1,"name":"Home","item":"https:\/\/devretiro.triplehosting.nl\/de\/"},{"@type":"ListItem","position":2,"name":"Medizinische Hilfe"}]},{"@type":"WebSite","@id":"https:\/\/devretiro.triplehosting.nl\/de\/#website","url":"https:\/\/devretiro.triplehosting.nl\/de\/","name":"Retiro Sol","description":"Everything you need for a relaxing holiday","potentialAction":[{"@type":"SearchAction","target":{"@type":"EntryPoint","urlTemplate":"https:\/\/devretiro.triplehosting.nl\/de\/?s={search_term_string}"},"query-input":{"@type":"PropertyValueSpecification","valueRequired":true,"valueName":"search_term_string"}}],"inLanguage":"de"}]}},"_links":{"self":[{"href":"https:\/\/devretiro.triplehosting.nl\/de\/wp-json\/wp\/v2\/pages\/3107","targetHints":{"allow":["GET"]}}],"collection":[{"href":"https:\/\/devretiro.triplehosting.nl\/de\/wp-json\/wp\/v2\/pages"}],"about":[{"href":"https:\/\/devretiro.triplehosting.nl\/de\/wp-json\/wp\/v2\/types\/page"}],"author":[{"embeddable":true,"href":"https:\/\/devretiro.triplehosting.nl\/de\/wp-json\/wp\/v2\/users\/4"}],"replies":[{"embeddable":true,"href":"https:\/\/devretiro.triplehosting.nl\/de\/wp-json\/wp\/v2\/comments?post=3107"}],"version-history":[{"count":8,"href":"https:\/\/devretiro.triplehosting.nl\/de\/wp-json\/wp\/v2\/pages\/3107\/revisions"}],"predecessor-version":[{"id":3196,"href":"https:\/\/devretiro.triplehosting.nl\/de\/wp-json\/wp\/v2\/pages\/3107\/revisions\/3196"}],"wp:attachment":[{"href":"https:\/\/devretiro.triplehosting.nl\/de\/wp-json\/wp\/v2\/media?parent=3107"}],"curies":[{"name":"wp","href":"https:\/\/api.w.org\/{rel}","templated":true}]}}