{"id":9361,"date":"2026-02-16T14:22:40","date_gmt":"2026-02-16T13:22:40","guid":{"rendered":"https:\/\/devretiro.triplehosting.nl\/?page_id=9361"},"modified":"2026-03-25T10:38:22","modified_gmt":"2026-03-25T09:38:22","slug":"ueberwintern-costa-blanca-nord","status":"publish","type":"page","link":"https:\/\/devretiro.triplehosting.nl\/de\/ueberwintern-costa-blanca-nord\/","title":{"rendered":"Langzeitmiete an der Costa Blanca Nord"},"content":{"rendered":"<p data-start=\"1158\" data-end=\"1493\">Suchen Sie eine Ferienwohnung oder ein Haus f\u00fcr einen l\u00e4ngeren Aufenthalt an der <strong><a href=\"https:\/\/devretiro.triplehosting.nl\/de\/costa-blanca-nord\/\">Costa Blanca Nord<\/a><\/strong>? Bei Retiro Sol finden Sie eine sorgf\u00e4ltig ausgew\u00e4hlte Auswahl an Unterk\u00fcnften f\u00fcr alle, die l\u00e4nger in Spanien bleiben m\u00f6chten. Ideal zum \u00dcberwintern an der Costa Blanca Nord, mit komfortablen Unterk\u00fcnften in einer entspannten Umgebung.<\/p>\n","protected":false},"excerpt":{"rendered":"<p>Suchen Sie eine Ferienwohnung oder ein Haus f\u00fcr einen l\u00e4ngeren Aufenthalt an der Costa Blanca Nord? Bei Retiro Sol finden Sie eine sorgf\u00e4ltig ausgew\u00e4hlte Auswahl an Unterk\u00fcnften f\u00fcr alle, die l\u00e4nger in Spanien bleiben m\u00f6chten.&hellip;<\/p>\n","protected":false},"author":1,"featured_media":0,"parent":0,"menu_order":0,"comment_status":"closed","ping_status":"closed","template":"templates\/apartments-overview.php","meta":{"_acf_changed":false,"inline_featured_image":false,"footnotes":""},"class_list":["post-9361","page","type-page","status-publish","hentry"],"acf":[],"yoast_head":"<!-- This site is optimized with the Yoast SEO plugin v27.2 - https:\/\/yoast.com\/product\/yoast-seo-wordpress\/ -->\n<title>\u00dcberwintern Costa Blanca Nord | Retiro Sol<\/title>\n<meta name=\"description\" content=\"\u00dcberwintern an der Costa Blanca Nord? Entdecken Sie Ferienwohnungen und H\u00e4user f\u00fcr einen l\u00e4ngeren Aufenthalt in Spanien.\" \/>\n<meta name=\"robots\" content=\"noindex, follow, max-snippet:-1, max-image-preview:large, max-video-preview:-1\" \/>\n<meta property=\"og:locale\" content=\"de_DE\" \/>\n<meta property=\"og:type\" content=\"article\" \/>\n<meta property=\"og:title\" content=\"\u00dcberwintern Costa Blanca Nord | Retiro Sol\" \/>\n<meta property=\"og:description\" content=\"\u00dcberwintern an der Costa Blanca Nord? Entdecken Sie Ferienwohnungen und H\u00e4user f\u00fcr einen l\u00e4ngeren Aufenthalt in Spanien.\" \/>\n<meta property=\"og:url\" content=\"https:\/\/devretiro.triplehosting.nl\/de\/ueberwintern-costa-blanca-nord\/\" \/>\n<meta property=\"og:site_name\" content=\"Retiro Sol\" \/>\n<meta property=\"article:modified_time\" content=\"2026-03-25T09:38:22+00:00\" \/>\n<meta name=\"twitter:card\" content=\"summary_large_image\" \/>\n<meta name=\"twitter:label1\" content=\"Gesch\u00e4tzte Lesezeit\" \/>\n\t<meta name=\"twitter:data1\" content=\"1\u00a0Minute\" \/>\n<script type=\"application\/ld+json\" class=\"yoast-schema-graph\">{\"@context\":\"https:\/\/schema.org\",\"@graph\":[{\"@type\":\"WebPage\",\"@id\":\"https:\/\/devretiro.triplehosting.nl\/de\/ueberwintern-costa-blanca-nord\/\",\"url\":\"https:\/\/devretiro.triplehosting.nl\/de\/ueberwintern-costa-blanca-nord\/\",\"name\":\"\u00dcberwintern Costa Blanca Nord | Retiro Sol\",\"isPartOf\":{\"@id\":\"https:\/\/devretiro.triplehosting.nl\/de\/#website\"},\"datePublished\":\"2026-02-16T13:22:40+00:00\",\"dateModified\":\"2026-03-25T09:38:22+00:00\",\"description\":\"\u00dcberwintern an der Costa Blanca Nord? Entdecken Sie Ferienwohnungen und H\u00e4user f\u00fcr einen l\u00e4ngeren Aufenthalt in Spanien.\",\"breadcrumb\":{\"@id\":\"https:\/\/devretiro.triplehosting.nl\/de\/ueberwintern-costa-blanca-nord\/#breadcrumb\"},\"inLanguage\":\"de\",\"potentialAction\":[{\"@type\":\"ReadAction\",\"target\":[\"https:\/\/devretiro.triplehosting.nl\/de\/ueberwintern-costa-blanca-nord\/\"]}]},{\"@type\":\"BreadcrumbList\",\"@id\":\"https:\/\/devretiro.triplehosting.nl\/de\/ueberwintern-costa-blanca-nord\/#breadcrumb\",\"itemListElement\":[{\"@type\":\"ListItem\",\"position\":1,\"name\":\"Home\",\"item\":\"https:\/\/devretiro.triplehosting.nl\/de\/\"},{\"@type\":\"ListItem\",\"position\":2,\"name\":\"Langzeitmiete an der Costa Blanca Nord\"}]},{\"@type\":\"WebSite\",\"@id\":\"https:\/\/devretiro.triplehosting.nl\/de\/#website\",\"url\":\"https:\/\/devretiro.triplehosting.nl\/de\/\",\"name\":\"Retiro Sol\",\"description\":\"Everything you need for a relaxing holiday\",\"potentialAction\":[{\"@type\":\"SearchAction\",\"target\":{\"@type\":\"EntryPoint\",\"urlTemplate\":\"https:\/\/devretiro.triplehosting.nl\/de\/?s={search_term_string}\"},\"query-input\":{\"@type\":\"PropertyValueSpecification\",\"valueRequired\":true,\"valueName\":\"search_term_string\"}}],\"inLanguage\":\"de\"}]}<\/script>\n<!-- \/ Yoast SEO plugin. -->","yoast_head_json":{"title":"\u00dcberwintern Costa Blanca Nord | Retiro Sol","description":"\u00dcberwintern an der Costa Blanca Nord? Entdecken Sie Ferienwohnungen und H\u00e4user f\u00fcr einen l\u00e4ngeren Aufenthalt in Spanien.","robots":{"index":"noindex","follow":"follow","max-snippet":"max-snippet:-1","max-image-preview":"max-image-preview:large","max-video-preview":"max-video-preview:-1"},"og_locale":"de_DE","og_type":"article","og_title":"\u00dcberwintern Costa Blanca Nord | Retiro Sol","og_description":"\u00dcberwintern an der Costa Blanca Nord? Entdecken Sie Ferienwohnungen und H\u00e4user f\u00fcr einen l\u00e4ngeren Aufenthalt in Spanien.","og_url":"https:\/\/devretiro.triplehosting.nl\/de\/ueberwintern-costa-blanca-nord\/","og_site_name":"Retiro Sol","article_modified_time":"2026-03-25T09:38:22+00:00","twitter_card":"summary_large_image","twitter_misc":{"Gesch\u00e4tzte Lesezeit":"1\u00a0Minute"},"schema":{"@context":"https:\/\/schema.org","@graph":[{"@type":"WebPage","@id":"https:\/\/devretiro.triplehosting.nl\/de\/ueberwintern-costa-blanca-nord\/","url":"https:\/\/devretiro.triplehosting.nl\/de\/ueberwintern-costa-blanca-nord\/","name":"\u00dcberwintern Costa Blanca Nord | Retiro Sol","isPartOf":{"@id":"https:\/\/devretiro.triplehosting.nl\/de\/#website"},"datePublished":"2026-02-16T13:22:40+00:00","dateModified":"2026-03-25T09:38:22+00:00","description":"\u00dcberwintern an der Costa Blanca Nord? Entdecken Sie Ferienwohnungen und H\u00e4user f\u00fcr einen l\u00e4ngeren Aufenthalt in Spanien.","breadcrumb":{"@id":"https:\/\/devretiro.triplehosting.nl\/de\/ueberwintern-costa-blanca-nord\/#breadcrumb"},"inLanguage":"de","potentialAction":[{"@type":"ReadAction","target":["https:\/\/devretiro.triplehosting.nl\/de\/ueberwintern-costa-blanca-nord\/"]}]},{"@type":"BreadcrumbList","@id":"https:\/\/devretiro.triplehosting.nl\/de\/ueberwintern-costa-blanca-nord\/#breadcrumb","itemListElement":[{"@type":"ListItem","position":1,"name":"Home","item":"https:\/\/devretiro.triplehosting.nl\/de\/"},{"@type":"ListItem","position":2,"name":"Langzeitmiete an der Costa Blanca Nord"}]},{"@type":"WebSite","@id":"https:\/\/devretiro.triplehosting.nl\/de\/#website","url":"https:\/\/devretiro.triplehosting.nl\/de\/","name":"Retiro Sol","description":"Everything you need for a relaxing holiday","potentialAction":[{"@type":"SearchAction","target":{"@type":"EntryPoint","urlTemplate":"https:\/\/devretiro.triplehosting.nl\/de\/?s={search_term_string}"},"query-input":{"@type":"PropertyValueSpecification","valueRequired":true,"valueName":"search_term_string"}}],"inLanguage":"de"}]}},"_links":{"self":[{"href":"https:\/\/devretiro.triplehosting.nl\/de\/wp-json\/wp\/v2\/pages\/9361","targetHints":{"allow":["GET"]}}],"collection":[{"href":"https:\/\/devretiro.triplehosting.nl\/de\/wp-json\/wp\/v2\/pages"}],"about":[{"href":"https:\/\/devretiro.triplehosting.nl\/de\/wp-json\/wp\/v2\/types\/page"}],"author":[{"embeddable":true,"href":"https:\/\/devretiro.triplehosting.nl\/de\/wp-json\/wp\/v2\/users\/1"}],"replies":[{"embeddable":true,"href":"https:\/\/devretiro.triplehosting.nl\/de\/wp-json\/wp\/v2\/comments?post=9361"}],"version-history":[{"count":6,"href":"https:\/\/devretiro.triplehosting.nl\/de\/wp-json\/wp\/v2\/pages\/9361\/revisions"}],"predecessor-version":[{"id":9877,"href":"https:\/\/devretiro.triplehosting.nl\/de\/wp-json\/wp\/v2\/pages\/9361\/revisions\/9877"}],"wp:attachment":[{"href":"https:\/\/devretiro.triplehosting.nl\/de\/wp-json\/wp\/v2\/media?parent=9361"}],"curies":[{"name":"wp","href":"https:\/\/api.w.org\/{rel}","templated":true}]}}