{"id":9362,"date":"2026-02-16T14:22:40","date_gmt":"2026-02-16T13:22:40","guid":{"rendered":"https:\/\/devretiro.triplehosting.nl\/?page_id=9362"},"modified":"2026-03-25T14:58:34","modified_gmt":"2026-03-25T13:58:34","slug":"estancias-largas-costa-blanca-norte","status":"publish","type":"page","link":"https:\/\/devretiro.triplehosting.nl\/es\/estancias-largas-costa-blanca-norte\/","title":{"rendered":"Estancias largas en la Costa Blanca Norte"},"content":{"rendered":"<p>\u00bfBuscas alquiler temporal <strong><a href=\"https:\/\/devretiro.triplehosting.nl\/es\/costa-blanca-norte\/\">Costa Blanca Norte<\/a><\/strong>? En Retiro Sol ofrecemos una selecci\u00f3n de casas y apartamentos para estancias de m\u00e1s de 10 d\u00edas. Ideal para quienes desean disfrutar de Espa\u00f1a durante un periodo prolongado, con comodidad y flexibilidad.<\/p>\n","protected":false},"excerpt":{"rendered":"<p>\u00bfBuscas alquiler temporal Costa Blanca Norte? En Retiro Sol ofrecemos una selecci\u00f3n de casas y apartamentos para estancias de m\u00e1s de 10 d\u00edas. Ideal para quienes desean disfrutar de Espa\u00f1a durante un periodo prolongado, con&hellip;<\/p>\n","protected":false},"author":1,"featured_media":0,"parent":0,"menu_order":0,"comment_status":"closed","ping_status":"closed","template":"templates\/apartments-overview.php","meta":{"_acf_changed":false,"inline_featured_image":false,"footnotes":""},"class_list":["post-9362","page","type-page","status-publish","hentry"],"acf":[],"yoast_head":"<!-- This site is optimized with the Yoast SEO plugin v27.2 - https:\/\/yoast.com\/product\/yoast-seo-wordpress\/ -->\n<title>Alquiler temporal Costa Blanca Norte | Retiro Sol<\/title>\n<meta name=\"description\" content=\"Alquiler temporal Costa Blanca Norte: casas y apartamentos en D\u00e9nia y J\u00e1vea para estancias de m\u00e1s de 10 d\u00edas.\" \/>\n<meta name=\"robots\" content=\"noindex, follow, max-snippet:-1, max-image-preview:large, max-video-preview:-1\" \/>\n<meta property=\"og:locale\" content=\"es_ES\" \/>\n<meta property=\"og:type\" content=\"article\" \/>\n<meta property=\"og:title\" content=\"Alquiler temporal Costa Blanca Norte | Retiro Sol\" \/>\n<meta property=\"og:description\" content=\"Alquiler temporal Costa Blanca Norte: casas y apartamentos en D\u00e9nia y J\u00e1vea para estancias de m\u00e1s de 10 d\u00edas.\" \/>\n<meta property=\"og:url\" content=\"https:\/\/devretiro.triplehosting.nl\/es\/estancias-largas-costa-blanca-norte\/\" \/>\n<meta property=\"og:site_name\" content=\"Retiro Sol\" \/>\n<meta property=\"article:modified_time\" content=\"2026-03-25T13:58:34+00:00\" \/>\n<meta name=\"twitter:card\" content=\"summary_large_image\" \/>\n<meta name=\"twitter:label1\" content=\"Tiempo de lectura\" \/>\n\t<meta name=\"twitter:data1\" content=\"1 minuto\" \/>\n<script type=\"application\/ld+json\" class=\"yoast-schema-graph\">{\"@context\":\"https:\/\/schema.org\",\"@graph\":[{\"@type\":\"WebPage\",\"@id\":\"https:\/\/devretiro.triplehosting.nl\/es\/estancias-largas-costa-blanca-norte\/\",\"url\":\"https:\/\/devretiro.triplehosting.nl\/es\/estancias-largas-costa-blanca-norte\/\",\"name\":\"Alquiler temporal Costa Blanca Norte | Retiro Sol\",\"isPartOf\":{\"@id\":\"https:\/\/devretiro.triplehosting.nl\/es\/#website\"},\"datePublished\":\"2026-02-16T13:22:40+00:00\",\"dateModified\":\"2026-03-25T13:58:34+00:00\",\"description\":\"Alquiler temporal Costa Blanca Norte: casas y apartamentos en D\u00e9nia y J\u00e1vea para estancias de m\u00e1s de 10 d\u00edas.\",\"breadcrumb\":{\"@id\":\"https:\/\/devretiro.triplehosting.nl\/es\/estancias-largas-costa-blanca-norte\/#breadcrumb\"},\"inLanguage\":\"es\",\"potentialAction\":[{\"@type\":\"ReadAction\",\"target\":[\"https:\/\/devretiro.triplehosting.nl\/es\/estancias-largas-costa-blanca-norte\/\"]}]},{\"@type\":\"BreadcrumbList\",\"@id\":\"https:\/\/devretiro.triplehosting.nl\/es\/estancias-largas-costa-blanca-norte\/#breadcrumb\",\"itemListElement\":[{\"@type\":\"ListItem\",\"position\":1,\"name\":\"Home\",\"item\":\"https:\/\/devretiro.triplehosting.nl\/es\/\"},{\"@type\":\"ListItem\",\"position\":2,\"name\":\"Estancias largas en la Costa Blanca Norte\"}]},{\"@type\":\"WebSite\",\"@id\":\"https:\/\/devretiro.triplehosting.nl\/es\/#website\",\"url\":\"https:\/\/devretiro.triplehosting.nl\/es\/\",\"name\":\"Retiro Sol\",\"description\":\"Everything you need for a relaxing holiday\",\"potentialAction\":[{\"@type\":\"SearchAction\",\"target\":{\"@type\":\"EntryPoint\",\"urlTemplate\":\"https:\/\/devretiro.triplehosting.nl\/es\/?s={search_term_string}\"},\"query-input\":{\"@type\":\"PropertyValueSpecification\",\"valueRequired\":true,\"valueName\":\"search_term_string\"}}],\"inLanguage\":\"es\"}]}<\/script>\n<!-- \/ Yoast SEO plugin. -->","yoast_head_json":{"title":"Alquiler temporal Costa Blanca Norte | Retiro Sol","description":"Alquiler temporal Costa Blanca Norte: casas y apartamentos en D\u00e9nia y J\u00e1vea para estancias de m\u00e1s de 10 d\u00edas.","robots":{"index":"noindex","follow":"follow","max-snippet":"max-snippet:-1","max-image-preview":"max-image-preview:large","max-video-preview":"max-video-preview:-1"},"og_locale":"es_ES","og_type":"article","og_title":"Alquiler temporal Costa Blanca Norte | Retiro Sol","og_description":"Alquiler temporal Costa Blanca Norte: casas y apartamentos en D\u00e9nia y J\u00e1vea para estancias de m\u00e1s de 10 d\u00edas.","og_url":"https:\/\/devretiro.triplehosting.nl\/es\/estancias-largas-costa-blanca-norte\/","og_site_name":"Retiro Sol","article_modified_time":"2026-03-25T13:58:34+00:00","twitter_card":"summary_large_image","twitter_misc":{"Tiempo de lectura":"1 minuto"},"schema":{"@context":"https:\/\/schema.org","@graph":[{"@type":"WebPage","@id":"https:\/\/devretiro.triplehosting.nl\/es\/estancias-largas-costa-blanca-norte\/","url":"https:\/\/devretiro.triplehosting.nl\/es\/estancias-largas-costa-blanca-norte\/","name":"Alquiler temporal Costa Blanca Norte | Retiro Sol","isPartOf":{"@id":"https:\/\/devretiro.triplehosting.nl\/es\/#website"},"datePublished":"2026-02-16T13:22:40+00:00","dateModified":"2026-03-25T13:58:34+00:00","description":"Alquiler temporal Costa Blanca Norte: casas y apartamentos en D\u00e9nia y J\u00e1vea para estancias de m\u00e1s de 10 d\u00edas.","breadcrumb":{"@id":"https:\/\/devretiro.triplehosting.nl\/es\/estancias-largas-costa-blanca-norte\/#breadcrumb"},"inLanguage":"es","potentialAction":[{"@type":"ReadAction","target":["https:\/\/devretiro.triplehosting.nl\/es\/estancias-largas-costa-blanca-norte\/"]}]},{"@type":"BreadcrumbList","@id":"https:\/\/devretiro.triplehosting.nl\/es\/estancias-largas-costa-blanca-norte\/#breadcrumb","itemListElement":[{"@type":"ListItem","position":1,"name":"Home","item":"https:\/\/devretiro.triplehosting.nl\/es\/"},{"@type":"ListItem","position":2,"name":"Estancias largas en la Costa Blanca Norte"}]},{"@type":"WebSite","@id":"https:\/\/devretiro.triplehosting.nl\/es\/#website","url":"https:\/\/devretiro.triplehosting.nl\/es\/","name":"Retiro Sol","description":"Everything you need for a relaxing holiday","potentialAction":[{"@type":"SearchAction","target":{"@type":"EntryPoint","urlTemplate":"https:\/\/devretiro.triplehosting.nl\/es\/?s={search_term_string}"},"query-input":{"@type":"PropertyValueSpecification","valueRequired":true,"valueName":"search_term_string"}}],"inLanguage":"es"}]}},"_links":{"self":[{"href":"https:\/\/devretiro.triplehosting.nl\/es\/wp-json\/wp\/v2\/pages\/9362","targetHints":{"allow":["GET"]}}],"collection":[{"href":"https:\/\/devretiro.triplehosting.nl\/es\/wp-json\/wp\/v2\/pages"}],"about":[{"href":"https:\/\/devretiro.triplehosting.nl\/es\/wp-json\/wp\/v2\/types\/page"}],"author":[{"embeddable":true,"href":"https:\/\/devretiro.triplehosting.nl\/es\/wp-json\/wp\/v2\/users\/1"}],"replies":[{"embeddable":true,"href":"https:\/\/devretiro.triplehosting.nl\/es\/wp-json\/wp\/v2\/comments?post=9362"}],"version-history":[{"count":8,"href":"https:\/\/devretiro.triplehosting.nl\/es\/wp-json\/wp\/v2\/pages\/9362\/revisions"}],"predecessor-version":[{"id":9882,"href":"https:\/\/devretiro.triplehosting.nl\/es\/wp-json\/wp\/v2\/pages\/9362\/revisions\/9882"}],"wp:attachment":[{"href":"https:\/\/devretiro.triplehosting.nl\/es\/wp-json\/wp\/v2\/media?parent=9362"}],"curies":[{"name":"wp","href":"https:\/\/api.w.org\/{rel}","templated":true}]}}